{"id":502,"date":"2021-03-03T16:21:34","date_gmt":"2021-03-03T16:21:34","guid":{"rendered":"https:\/\/www.akrovalis.com\/?page_id=502"},"modified":"2024-01-11T09:16:41","modified_gmt":"2024-01-11T08:16:41","slug":"aviso-legal","status":"publish","type":"page","link":"https:\/\/legacy.akrovalis.com\/en\/aviso-legal\/","title":{"rendered":"Legal notice"},"content":{"rendered":"<div data-elementor-type=\"wp-page\" data-elementor-id=\"502\" class=\"elementor elementor-502\" data-elementor-post-type=\"page\">\n\t\t\t\t\t\t<section class=\"elementor-section elementor-top-section elementor-element elementor-element-49c2224 elementor-section-boxed elementor-section-height-default elementor-section-height-default\" data-id=\"49c2224\" data-element_type=\"section\">\n\t\t\t\t\t\t<div class=\"elementor-container elementor-column-gap-default\">\n\t\t\t\t\t<div class=\"elementor-column elementor-col-100 elementor-top-column elementor-element elementor-element-5a1da7e8\" data-id=\"5a1da7e8\" data-element_type=\"column\">\n\t\t\t<div class=\"elementor-widget-wrap elementor-element-populated\">\n\t\t\t\t\t\t<div class=\"elementor-element elementor-element-7f31efa7 elementor-widget elementor-widget-text-editor\" data-id=\"7f31efa7\" data-element_type=\"widget\" data-widget_type=\"text-editor.default\">\n\t\t\t\t<div class=\"elementor-widget-container\">\n\t\t\t\t\t\t\t\t\t<h1>Legal notice<\/h1><h4>CONDICIONES DE USO DE LA WEB DE AKROVALIS S.L.<\/h4><p>La empresa AKROVALIS S.L. con domicilio social en C\/ Ramon Casas, 3, 08911 Badalona (Barcelona) y C.I.F. n\u00famero B66189739 est\u00e1 inscrita en el Registro Mercantil de Barcelona, al Tomo 44066, Folio 174, Hoja 446235 Tel\u00e9fono: 931388923. E-Mail: info@akrovalis.com<\/p><p>La empresa AKROVALIS S.L. es una empresa dedicada al comercio al por mayor, al detalle, distribuci\u00f3n comercial, importaci\u00f3n y exportaci\u00f3n, actividades profesionales, prestaci\u00f3n de servicios, servicios educativos, transporte, almacenamiento y innovaci\u00f3n y desarrollo.<\/p><h4>I. General<\/h4><p>1.1. AKROVALIS S.L. es el titular de la Web www.akrovalis.com, e informa que el uso de dicha Web, as\u00ed como el de todos los Contenidos en \u00e9l ofrecidos est\u00e1 sujeto a las presentes Condiciones generales de uso.<\/p><p>1.2. La utilizaci\u00f3n de la Web es gratuita y atribuye autom\u00e1ticamente la condici\u00f3n de Usuario, implicando la plena aceptaci\u00f3n de estas Condiciones Generales. Estas Condiciones Generales, as\u00ed como sus modificaciones u otros avisos legales estar\u00e1n disponibles en la Web y se entender\u00e1n vigentes desde su publicaci\u00f3n en la misma.<\/p><p>1.3. Determinados Servicios o Contenidos ofrecidos en la Web pueden estar sujetos a \u201cCondiciones Particulares\u201d, tambi\u00e9n puestas a disposici\u00f3n del Usuario, las cuales podr\u00e1n complementar o sustituir estas Condiciones Generales con respecto al uso del servicio concreto al que se refieran.<\/p><h4>II. Contenido<\/h4><p>Con car\u00e1cter meramente enunciativo, el Usuario de acuerdo con la legislaci\u00f3n vigente deber\u00e1 abstenerse de:<\/p><p>2.1 Reproducir, copiar, distribuir, poner a disposici\u00f3n, comunicar p\u00fablicamente, transformar o modificar los Contenidos salvo en los casos autorizados en la ley o expresamente consentidos por AKROVALIS S.L. o por quien ostente la titularidad de los derechos de explotaci\u00f3n en su caso.<\/p><p>2.2 Reproducir o copiar para uso privado los Contenidos que puedan ser considerados como Software o Base de Datos de conformidad con la legislaci\u00f3n vigente en materia de propiedad intelectual, as\u00ed como su comunicaci\u00f3n p\u00fablica o puesta a disposici\u00f3n de terceros cuando estos actos impliquen necesariamente la reproducci\u00f3n por parte del Usuario o de un tercero.<\/p><p>2.3 Extraer y\/o reutilizar la totalidad o una parte sustancial de los Contenidos integrantes de la web as\u00ed como de las bases de datos que AKROVALIS S.L. ponga a disposici\u00f3n de los Usuarios.<\/p><h4>III. Limitaci\u00f3n de responsabilidad<\/h4><p>3.1. Quien utiliza esta Web, lo hace por su propia cuenta y riesgo. El titular de la p\u00e1gina no garantiza que la Web se mantenga de modo ininterrumpido, sin demoras, sin errores, sin omisiones o libre de virus. En consecuencia, la Web y sus Contenidos son provistos \u201ctal y como est\u00e1n\u201d sin garant\u00edas de ning\u00fan tipo, expresas o impl\u00edcitas, quedando claro que, ni el titular de la p\u00e1gina, ni sus socios, colaboradores, empleados o representantes, ser\u00e1n responsables por cualquier error u omisi\u00f3n en los Contenidos o Servicios o por cualquier da\u00f1o derivado de la utilizaci\u00f3n de esta Web, ni por cualquier actuaci\u00f3n realizada sobre la base de la informaci\u00f3n que en la misma se facilita.<\/p><h4>IV. Propiedad Industrial e Intelectual<\/h4><p>4.1. La totalidad de los Contenidos de esta Web, ya sean textos, im\u00e1genes, sonido, ficheros, marcas, logotipos, combinaciones de colores, o cualquier otro elemento, su estructura y dise\u00f1o, la selecci\u00f3n y forma de presentaci\u00f3n de los Contenidos incluidos en el mismo, y los programas de ordenador necesarios para su funcionamiento, acceso y utilizaci\u00f3n, est\u00e1n protegidos por derechos de propiedad industrial e intelectual, titularidad de AKROVALIS S.L. o, en su caso, de sus licenciantes, que el Usuario debe respetar.<\/p><p>4.2. Se autoriza el almacenamiento y reproducci\u00f3n temporal de alguno o algunos de los Contenidos de la Web, con el prop\u00f3sito de ser utilizados con un fin personal y no comercial. La reproducci\u00f3n, el almacenamiento permanente y la difusi\u00f3n de los Contenidos de la Web o cualquier uso que tenga fines p\u00fablicos o comerciales queda terminantemente prohibido sin el previo consentimiento por escrito de AKROVALIS S.L.<\/p><h4>V. Pol\u00edtica de Protecci\u00f3n de Datos de Car\u00e1cter Personal<\/h4><p>5.1. A efectos de lo previsto en la Ley Org\u00e1nica 15\/1999, de 13 de diciembre de Protecci\u00f3n de Datos de Car\u00e1cter Personal, y dem\u00e1s legislaci\u00f3n aplicable, AKROVALIS S.L. informa a sus clientes y a cualquier tercero que entregue sus datos de car\u00e1cter Personal, sobre su pol\u00edtica de Protecci\u00f3n de Datos de Car\u00e1cter Personal, la cual est\u00e1 disponible en la Web, en el enlace \u201cProtecci\u00f3n de Datos\u201d.<\/p><h4>VI. Modificaciones<\/h4><p>AKROVALIS S.L. se reserva el derecho de modificar cualquiera de los t\u00e9rminos y condiciones de las presentes Normas de uso, en los t\u00e9rminos y condiciones que estime conveniente, informando a los usuarios de las modificaciones efectuadas a trav\u00e9s de la misma p\u00e1gina web<\/p><h4>VII. Legislaci\u00f3n aplicable<\/h4><p>6.1. Las presentes Condiciones Generales de utilizaci\u00f3n de la Web y todas las relaciones que se establezcan entre el Usuario y AKROVALIS S.L., se regir\u00e1n por la legislaci\u00f3n espa\u00f1ola.<\/p>\t\t\t\t\t\t\t\t<\/div>\n\t\t\t\t<\/div>\n\t\t\t\t\t<\/div>\n\t\t<\/div>\n\t\t\t\t\t<\/div>\n\t\t<\/section>\n\t\t\t\t<\/div>","protected":false},"excerpt":{"rendered":"<p>Aviso Legal CONDICIONES DE USO DE LA WEB DE AKROVALIS S.L. La empresa AKROVALIS S.L. con domicilio social en C\/ Ramon Casas, 3, 08911 Badalona (Barcelona) y C.I.F. n\u00famero B66189739 est\u00e1 inscrita en el Registro Mercantil de Barcelona, al Tomo 44066, Folio 174, Hoja 446235 Tel\u00e9fono: 931388923. E-Mail: info@akrovalis.com La empresa AKROVALIS S.L. es una &#8230; <a title=\"Legal notice\" class=\"read-more\" href=\"https:\/\/legacy.akrovalis.com\/en\/aviso-legal\/\" aria-label=\"Read more about Aviso Legal\">Read more<\/a><\/p>","protected":false},"author":26,"featured_media":0,"parent":0,"menu_order":2,"comment_status":"closed","ping_status":"closed","template":"","meta":{"footnotes":""},"class_list":["post-502","page","type-page","status-publish"],"_links":{"self":[{"href":"https:\/\/legacy.akrovalis.com\/en\/wp-json\/wp\/v2\/pages\/502","targetHints":{"allow":["GET"]}}],"collection":[{"href":"https:\/\/legacy.akrovalis.com\/en\/wp-json\/wp\/v2\/pages"}],"about":[{"href":"https:\/\/legacy.akrovalis.com\/en\/wp-json\/wp\/v2\/types\/page"}],"author":[{"embeddable":true,"href":"https:\/\/legacy.akrovalis.com\/en\/wp-json\/wp\/v2\/users\/26"}],"replies":[{"embeddable":true,"href":"https:\/\/legacy.akrovalis.com\/en\/wp-json\/wp\/v2\/comments?post=502"}],"version-history":[{"count":0,"href":"https:\/\/legacy.akrovalis.com\/en\/wp-json\/wp\/v2\/pages\/502\/revisions"}],"wp:attachment":[{"href":"https:\/\/legacy.akrovalis.com\/en\/wp-json\/wp\/v2\/media?parent=502"}],"curies":[{"name":"wp","href":"https:\/\/api.w.org\/{rel}","templated":true}]}}