{"id":3,"date":"2021-02-08T09:58:00","date_gmt":"2021-02-08T09:58:00","guid":{"rendered":"https:\/\/www.akrovalis.com\/?page_id=3"},"modified":"2024-10-04T14:56:47","modified_gmt":"2024-10-04T12:56:47","slug":"politica-privacidad","status":"publish","type":"page","link":"https:\/\/legacy.akrovalis.com\/en\/politica-privacidad\/","title":{"rendered":"Privacy policy"},"content":{"rendered":"<div data-elementor-type=\"wp-page\" data-elementor-id=\"3\" class=\"elementor elementor-3\" data-elementor-post-type=\"page\">\n\t\t\t\t\t\t<section class=\"elementor-section elementor-top-section elementor-element elementor-element-67daff1b elementor-section-boxed elementor-section-height-default elementor-section-height-default\" data-id=\"67daff1b\" data-element_type=\"section\">\n\t\t\t\t\t\t<div class=\"elementor-container elementor-column-gap-default\">\n\t\t\t\t\t<div class=\"elementor-column elementor-col-100 elementor-top-column elementor-element elementor-element-6d22b7f0\" data-id=\"6d22b7f0\" data-element_type=\"column\">\n\t\t\t<div class=\"elementor-widget-wrap elementor-element-populated\">\n\t\t\t\t\t\t<div class=\"elementor-element elementor-element-151ff6ea elementor-widget elementor-widget-text-editor\" data-id=\"151ff6ea\" data-element_type=\"widget\" data-widget_type=\"text-editor.default\">\n\t\t\t\t<div class=\"elementor-widget-container\">\n\t\t\t\t\t\t\t\t\t<h1>Pol\u00edtica de Privacidad<\/h1>\n<h6>El acceso a la p\u00e1gina web de AKROVALIS, S.L., https:\/\/legacy.akrovalis.com y por los distintos canales o redes sociales existentes, que permiten el acceso digital a nuestra empresa visionando departamentos y actividades, ser\u00e1 de uso libre, sin que pueda de ello inferirse que puede hacerse un uso indebido, sino dentro del marco legal establecido para tal fin, a excepci\u00f3n de algunas de las \u00e1reas, comprar o contratar, los clientes y usuarios interesados, que deber\u00e1n facilitarnos ciertos datos de car\u00e1cter personal, ya sea para contactar posteriormente mediante tel\u00e9fono o e-mail, e informarle delos servicios solicitados, o para tener acceso directo a nuestra web mediante el Registro habilitado para compras o servicios.<\/h6>\n<p>El acceso a la p\u00e1gina web de AKROVALIS, S.L es de libre acceso, y los datos transmitidos son para uso exclusivo de nuestra empresa quien NO los vender\u00e1, ceder\u00e1 o informar\u00e1 a terceros, salvo que sea por imperativo legal o petici\u00f3n judicial.<\/p>\n<p>A trav\u00e9s del web s\u00f3lo se solicitar\u00e1n los datos b\u00e1sicos, utilizando otros canales para el env\u00edo-recepci\u00f3n de documentos, salvo autorizaci\u00f3n expresa del usuario.<\/p>\n<p>Nosotros no tenemos acceso directo a sus datos, ni nuestros sistemas permiten conocerlos si no es que expresamente usted los ha comunicado, como por ejemplo, nombre, tel\u00e9fono, direcci\u00f3n o mail, etc. pero utilizamos cookies para facilitarle la navegaci\u00f3n y con fines estad\u00edsticos. Nuestra empresa est\u00e1 comprometida, como no pod\u00eda ser de otra manera, a respetar y cumplir en todo momento con la legislaci\u00f3n vigente y la adecuaci\u00f3n que proceda en cada momento respetando los principios de transparencia en los t\u00e9rminos fijados en la RGPD. Ver&nbsp;<a href=\"\/en\/cookies\/\">Pol\u00edtica de cookies<\/a>.<\/p>\n<p>AKROVALIS SL., se reserva el derecho de adaptaci\u00f3n y actualizaci\u00f3n de la presente pol\u00edtica de privacidad de acuerdo con la normativa vigente y las actualizaciones o cambios que pudiera llevar a cabo el legislador.<\/p>\n<p>El usuario se responsabiliza y garantiza que los datos vertidos en nuestra p\u00e1gina, como sus datos personales, son ciertos y le pertenecen como persona f\u00edsica o jur\u00eddica, y la inexactitud o falsedad de tales datos son de responsabilidad exclusiva del usuario.<\/p>\n<h2>QU\u00c9 DATOS COMPARTIMOS Y HERRAMIENTAS QUE USAMOS DE TERCEROS<\/h2>\n<p>Los datos personales de nuestros clientes y usuarios no los compartimos con terceros, pero compartimos con nuestros proveedores de servicios tecnol\u00f3gicos tu acceso a la navegaci\u00f3n por las distintas \u00e1reas de nuestra web, con el fin de analizar qu\u00e9 es lo que m\u00e1s interesa y analizar la dificultad o facilidad de navegaci\u00f3n.<\/p>\n<p>En alg\u00fan momento de nuestra relaci\u00f3n comercial y seg\u00fan la finalidad del servicio contratado podr\u00e1n intervenir diversas y reputadas empresas, aunque los servicios principales son llevados a cabo por:<\/p>\n<p>GOOGLE, INC. DELAWARE, Mountain View (California) quien cumple con los est\u00e1ndares europeos. Puedes ver el acuerdo del Escudo de la Privacidad entre la UE y EE UU en:&nbsp;<a href=\"https:\/\/support.google.com\/analytics\/answer\/7105316?hl=es\" target=\"_blank\" rel=\"noreferrer noopener nofollow\">https:\/\/support.google.com\/analytics\/answer\/7105316?hl=es<\/a><\/p>\n<p>Transporte: trabajamos con GLS y CORREOS. Siempre buscamos la compa\u00f1\u00eda m\u00e1s eficaz para realizar los env\u00edos en la ciudad de destino.<\/p>\n<p>Gesti\u00f3n de comunicaciones por correo electr\u00f3nico:&nbsp;The Rocket Science Group LLC, que opera bajo el nombre comercial de Mailchimp. El usuario acepta darse de alta en la base de datos de Mailchimp en el momento del registro, pudiendo cancelar la suscripci\u00f3n en cualquier momento.<\/p>\n<h2>FORMULARIOS INSERTOS EN NUESTRA WEB<\/h2>\n<p>Informamos que los datos que voluntariamente vuelca la persona usuaria en nuestra p\u00e1gina web, son para uso exclusivo de nuestra empresa. No se venden ceden, ni se informa a terceros y son tratados con total confidencialidad.<\/p>\n<h2>PASARELA DE PAGOS<\/h2>\n<p>Informamos que los datos bancarios y de tarjetas de cr\u00e9dito al realizar un pago a trav\u00e9s de nuestra web, no son volcados a nuestras bases de datos, sino que son transferidos directamente a la entidad bancaria a trav\u00e9s de la pasarela de pagos, sin que quede ning\u00fan dato de su tarjeta en nuestros archivos. Es una transacci\u00f3n usuario-entidad bancaria, siendo \u00e9sta quien nos informa de que usted ha realizado el pago, pero no nos informa de sus datos bancarios.<\/p>\n<h2>DERECHO DE ACCESO, RECTIFICACI\u00d3N Y SUPRESI\u00d3N DE LOS DATOS PERSONALES DEL USUARIO<\/h2>\n<p>La persona usuaria podr\u00e1 en cualquier momento ejercitar el&nbsp;derecho de acceso, rectificaci\u00f3n, cancelaci\u00f3n, oposici\u00f3n, limitaci\u00f3n y portabilidad de sus datos personales&nbsp;en los t\u00e9rminos establecidos en la Ley Org\u00e1nica&nbsp;15\/1999 de Protecci\u00f3n de Datos (LOPD), en concordancia con la reciente adaptaci\u00f3n del reglamento europeo RGPD.<\/p>\n<p>La limitaci\u00f3n o supresi\u00f3n de los datos personales podr\u00e1n llevarse a cabo si no existen obligaciones legales que impongan un plazo de custodia determinado, como por ejemplo, en el caso de facturas, que deber\u00e1 custodiarse durante el per\u00edodo legal que la Agencia Tributaria tenga legalmente establecido en cada momento.<\/p>\n<p>Para ejercer sus derechos, la persona usuaria indicar\u00e1 su pretensi\u00f3n a la responsable del tratamiento de AKROVALIS SL., por escrito, remitido preferiblemente v\u00eda e-mail, aunque tambi\u00e9n podr\u00e1 hacerlo por correo ordinario con identificaci\u00f3n inequ\u00edvoca de su persona, indicando que desea ejercer sus derechos y acompa\u00f1ando escaneada o por medio de fotocopia el DNI o NIE en vigor, y podr\u00e1 hacerlo en las siguientes direcciones mail: responsable del tratamiento de datos:&nbsp;<a href=\"mailto:info@akrovalis.com\">info@akrovalis.com<\/a>&nbsp;o a la encargada del tratamiento de datos, y Delegada de Protecci\u00f3n de Datos&nbsp;<a href=\"mailto:dpdakrovalis@lydiajardi.com\">dpdakrovalis@lydiajardi.com<\/a><\/p>\n<p>Si cree que sus datos no han sido tratados debidamente podr\u00e1 presentar reclamaci\u00f3n ante la Agencia Espa\u00f1ola de Protecci\u00f3n de Datos.&nbsp;<a href=\"http:\/\/www.aepd.es\/\" target=\"_blank\" rel=\"noreferrer noopener nofollow\">www.aepd.es<\/a><\/p>\n<h2>RESPONSABLES DE TRATAMIENTO DE SUS DATOS<\/h2>\n<p><strong>Responsable del tratamiento de datos:<\/strong> AKROVALIS SL, CIF: B-66189739 con sede social en C\/ Ramon Casas, 3. 08911 Badalona (Barcelona).<\/p>\n<p><strong>Encargada del tratamiento de datos y Delegada de Protecci\u00f3n de Datos:<\/strong>&nbsp;Lydia Jard\u00ed. Av. Carrilet, 3, edificio D, 2\u00ba. Ciudad de la Justicia de Barcelona y L\u2019 Hospitalet -08902- L\u2019Hospitalet (Barcelona)<\/p>\n<p>E-mail responsable:&nbsp;<a href=\"mailto:info@akrovalis.com\">info@akrovalis.com<\/a><br>E-mail encargada y DPD:&nbsp;<a href=\"mailto:dpdabogadalydia@akrovalis.com\">dpdabogadalydia@akrovalis.com<\/a><\/p>\n<p><strong>Finalidad del tratamiento:<\/strong>&nbsp;AKROVALIS, SL es propietaria del sitio web y del dominio&nbsp;<span style=\"color: var( --e-global-color-text );\">https:\/\/legacy.akrovalis.com<\/span><span style=\"color: var( --e-global-color-text );\">, utiliza la informaci\u00f3n facilitada y los datos transmitidos para la relaci\u00f3n comercial de compra venta de los productos ofrecidos en el sitio web y para gestionar consultas e informaci\u00f3n de inter\u00e9s del usuario mejorar su experiencia de usuario. Sus datos no son vendidos ni cedidos a terceros y son para uso exclusivo de AKROVALIS SL.<\/span><\/p>\n<p>Podr\u00edamos recoger su nombre y su direcci\u00f3n de correo electr\u00f3nico para enviarle nuestros correos electr\u00f3nicos promocionales. Esta informaci\u00f3n podr\u00eda utilizarse para ponernos en contacto con usted acerca de ventas, ofertas especiales y nuevos lanzamientos. Puede oponerse en cualquier momento y sin facilitar ning\u00fan motivo a dicho uso (por ejemplo, haciendo clic en el enlace para cancelar la suscripci\u00f3n que aparece en nuestros emails de marketing).<\/p>\n<p><strong>Legitimaci\u00f3n del tratamiento:<\/strong>&nbsp;No tenemos acceso a sus datos si no es con su consentimiento porque usted nos los ha facilitado, y se almacenar\u00e1n en nuestra base de datos para llevar a cabo la venta e informarle de su pedido y de los productos que puedan ser de su inter\u00e9s.<\/p>\n<p>Los datos que comunique para el pago de la compra de nuestros productos, son redireccionados autom\u00e1ticamente a una pasarela de pago de comunicaci\u00f3n exclusiva entre usted y la entidad bancaria<a href=\"https:\/\/www.bbva.es\/\" target=\"_blank\" rel=\"noreferrer noopener nofollow\">,<\/a>&nbsp;por lo que nosotros no procesamos ni almacenamos sus datos.<\/p>\n<p><strong>Destinatario de sus datos:<\/strong>&nbsp;Sus datos son para uso exclusivo de AKROVALIS SL. No cedemos ni vendemos ning\u00fan dato de nuestros clientes, potenciales clientes, usuarios o visitantes de nuestro Sitio Web.<\/p>\n<p>Para que llegue su pedido a la direcci\u00f3n por usted indicada, utilizamos transporte propio, servicios de mensajer\u00eda y transportes nacionales e internacionales con reputadas empresas de primera l\u00ednea, con quienes hemos firmado un contrato de confidencialidad y de no transmisi\u00f3n, venta o cesi\u00f3n de los datos de nuestros clientes.<\/p>\n<h2>OTRA INFORMACI\u00d3N SOBRE DATOS PERSONALES DEL USUARIO<\/h2>\n<h4>Tiempo de permanencia de tus datos personales en nuestros sistemas<\/h4>\n<p>Los datos de la persona usuaria de nuestro Sitio Web ser\u00e1n conservados mientras dure la relaci\u00f3n e intercambio de informaci\u00f3n y relaci\u00f3n comercial de compra-venta, que ser\u00e1 susceptible de diferentes plazos en funci\u00f3n del tipo de relaci\u00f3n.<\/p>\n<p>En el caso de clientes, por cuesti\u00f3n de obligaciones fiscales, aunque ejerza el derecho de cancelaci\u00f3n de sus datos, deber\u00e1n permanecer en nuestros sistemas durante el tiempo que prescribe la ley por razones fiscales y tributarias. Pasado dicho per\u00edodo se destruir\u00e1n.<\/p>\n<p>Para el caso de los usuarios del Sitio Web que solicitan informaci\u00f3n y nos facilitan sus datos, sin ser compradores, sus datos permanecer\u00e1n en nuestras bases, y a petici\u00f3n del usuario, ser\u00e1n cancelados de inmediato, si es posible y dentro del plazo m\u00e1ximo de 30 d\u00edas desde su solicitud.<\/p>\n<h4>Origen de los datos<\/h4>\n<p>Los datos de las personas f\u00edsicas con los que AKIROVALIS SL mantiene o puede mantener una relaci\u00f3n comercial, son siempre obtenidos por medio del propio cliente o usuario de nuestro Sitio Web, y pueden ser obtenidos cuando realiza la compra en nuestro Sitio Web, o cuando solicita informaci\u00f3n, as\u00ed como tambi\u00e9n durante las ferias y congresos, y todos ellos son volcados voluntariamente y con los avisos legales pertinentes antes de rellenar los formularios, que tambi\u00e9n nos puede facilitar v\u00eda correo postal, correo electr\u00f3nico o mensajer\u00eda instant\u00e1nea.<\/p>\n<h4>Categor\u00eda de los datos<\/h4>\n<p>Los datos solicitados para prestar nuestros servicios de informaci\u00f3n y compra, son los b\u00e1sicos, no solicitando datos que precisen una seguridad Media o Alta, ya que los datos que podr\u00edan precisar \u00e9sta seguridad como los pagos mediante tarjeta, son realizados mediante pasarela de pago del banco que desde nuestro Sitio Web, se desconecta moment\u00e1neamente y conecta de forma directa, iniciando la transacci\u00f3n econ\u00f3mica que se lleva a cabo entre la entidad bancaria y el comprador, sin intervenci\u00f3n por parte de AKROVALIS SL. Hasta la finalizaci\u00f3n de la transacci\u00f3n, momento en el que vuelve a conectarse autom\u00e1ticamente con nuestra p\u00e1gina web.<\/p>\n<h4>Bases de datos de terceros<\/h4>\n<p>AKROVALIS SL no utiliza datos procedentes de bases de datos de terceros, aunque sean leg\u00edtimos, ni por medio de compra ni por medio de cesi\u00f3n, ya que se obtienen voluntariamente de los propios interesados. Si en un futuro pudiera darse esta situaci\u00f3n, de acuerdo con el RGPD se informar\u00e1 a los interesados de la obtenci\u00f3n de sus datos dentro de un plazo razonable o, en la primera comunicaci\u00f3n con el interesado, sin necesidad de requerimiento previo.<\/p>\n<h4>Seguridad<\/h4>\n<p>Nos preocupamos y mimamos nuestros sistemas de seguridad y detecci\u00f3n de potenciales peligros, ya que tu seguridad es la nuestra. Si tuvi\u00e9ramos un fallo de nuestros sistemas que pusiera en peligro los datos de nuestros clientes, ya sea por motivos propios o de terceros, lo pondr\u00edamos inmediatamente en tu conocimiento y con la informaci\u00f3n necesaria para informarte de lo ocurrido y del tiempo necesario para restablecer las comunicaciones seguras, si es que todav\u00eda no se ha resuelto. Si se ha resuelto, igualmente te informaremos para que procedas a cambiar las contrase\u00f1as de Registro.<\/p>\n<p>En caso de tener una brecha de seguridad en nuestros sistemas, adem\u00e1s de informarte a ti, tambi\u00e9n procederemos a dar conocimiento de que se ha producido dicha brecha, a la AEPD Agencia Espa\u00f1ola de Protecci\u00f3n de Datos de calle Jorge Juan, 6, 28001 MADRID, Tel. 901 100 099, en cumplimiento de la normativa vigente.<\/p>\t\t\t\t\t\t\t\t<\/div>\n\t\t\t\t<\/div>\n\t\t\t\t\t<\/div>\n\t\t<\/div>\n\t\t\t\t\t<\/div>\n\t\t<\/section>\n\t\t\t\t<\/div>","protected":false},"excerpt":{"rendered":"<p>Pol\u00edtica de Privacidad El acceso a la p\u00e1gina web de AKROVALIS, S.L., https:\/\/legacy.akrovalis.com y por los distintos canales o redes sociales existentes, que permiten el acceso digital a nuestra empresa visionando departamentos y actividades, ser\u00e1 de uso libre, sin que pueda de ello inferirse que puede hacerse un uso indebido, sino dentro del marco legal &#8230; <a title=\"Privacy policy\" class=\"read-more\" href=\"https:\/\/legacy.akrovalis.com\/en\/politica-privacidad\/\" aria-label=\"Read more about Pol\u00edtica de privacidad\">Read more<\/a><\/p>","protected":false},"author":26,"featured_media":0,"parent":0,"menu_order":19,"comment_status":"closed","ping_status":"closed","template":"","meta":{"footnotes":""},"class_list":["post-3","page","type-page","status-publish"],"_links":{"self":[{"href":"https:\/\/legacy.akrovalis.com\/en\/wp-json\/wp\/v2\/pages\/3","targetHints":{"allow":["GET"]}}],"collection":[{"href":"https:\/\/legacy.akrovalis.com\/en\/wp-json\/wp\/v2\/pages"}],"about":[{"href":"https:\/\/legacy.akrovalis.com\/en\/wp-json\/wp\/v2\/types\/page"}],"author":[{"embeddable":true,"href":"https:\/\/legacy.akrovalis.com\/en\/wp-json\/wp\/v2\/users\/26"}],"replies":[{"embeddable":true,"href":"https:\/\/legacy.akrovalis.com\/en\/wp-json\/wp\/v2\/comments?post=3"}],"version-history":[{"count":0,"href":"https:\/\/legacy.akrovalis.com\/en\/wp-json\/wp\/v2\/pages\/3\/revisions"}],"wp:attachment":[{"href":"https:\/\/legacy.akrovalis.com\/en\/wp-json\/wp\/v2\/media?parent=3"}],"curies":[{"name":"wp","href":"https:\/\/api.w.org\/{rel}","templated":true}]}}