{"id":1924,"date":"2021-03-17T10:52:22","date_gmt":"2021-03-17T10:52:22","guid":{"rendered":"https:\/\/www.akrovalis.com\/?page_id=1924"},"modified":"2021-08-25T14:20:51","modified_gmt":"2021-08-25T14:20:51","slug":"cookies","status":"publish","type":"page","link":"https:\/\/legacy.akrovalis.com\/en\/cookies\/","title":{"rendered":"Cookies"},"content":{"rendered":"<div data-elementor-type=\"wp-page\" data-elementor-id=\"1924\" class=\"elementor elementor-1924\" data-elementor-post-type=\"page\">\n\t\t\t\t\t\t<section class=\"elementor-section elementor-top-section elementor-element elementor-element-37f91c3a elementor-section-boxed elementor-section-height-default elementor-section-height-default\" data-id=\"37f91c3a\" data-element_type=\"section\">\n\t\t\t\t\t\t<div class=\"elementor-container elementor-column-gap-default\">\n\t\t\t\t\t<div class=\"elementor-column elementor-col-100 elementor-top-column elementor-element elementor-element-40bb956b\" data-id=\"40bb956b\" data-element_type=\"column\">\n\t\t\t<div class=\"elementor-widget-wrap elementor-element-populated\">\n\t\t\t\t\t\t<div class=\"elementor-element elementor-element-bdc0ef6 elementor-widget elementor-widget-text-editor\" data-id=\"bdc0ef6\" data-element_type=\"widget\" data-widget_type=\"text-editor.default\">\n\t\t\t\t<div class=\"elementor-widget-container\">\n\t\t\t\t\t\t\t\t\t<h1 style=\"font-family: Jost, sans-serif; font-style: normal;\">Pol\u00edtica de cookies<\/h1><div><h4 style=\"font-family: Jost, sans-serif; font-style: normal;\">\u00bfQU\u00c9 SON LAS COOKIES?<\/h4><\/div><p style=\"font-family: Jost, sans-serif;\">Las cookies son peque\u00f1os archivos de texto que se almacenan en su ordenador o dispositivo m\u00f3vil cuando visita un sitio web. En esta secci\u00f3n, utilizamos por comodidad \u201ccookies\u201d como t\u00e9rmino general para t\u00e9cnicas tales como cookies, cookies Flash y balizas web. No ocupan demasiado espacio y se eliminar\u00e1n autom\u00e1ticamente cuando caduquen. Algunas de las cookies caducan al final de su sesi\u00f3n de Internet, mientras que otras se guardar\u00e1n por un periodo limitado de tiempo.<\/p><h4 style=\"font-family: Jost, sans-serif; font-style: normal;\">\u00bfCU\u00c1LES SON LOS DIFERENTES TIPOS DE COOKIES QUE UTILIZAMOS?<\/h4><p><span style=\"font-family: Jost, sans-serif;\">Hay diferentes tipos de cookies con distintos usos. Algunas solo sirven para que pueda navegar por la web y ver determinadas caracter\u00edsticas. Otras nos dar\u00e1n una idea sobre su experiencia de navegaci\u00f3n, como por ejemplo, si tiene problemas para encontrar lo que busca, de manera que podamos mejorar y lograr que su pr\u00f3xima visita sea lo m\u00e1s agradable posible. Las cookies de akrovalis.com se denominan \u201ccookies de origen\u201d. Las cookies de partes que no seamos nosotros se denominan \u201ccookies de terceros\u201d.<\/span><\/p><p><span style=\"font-family: Jost, sans-serif;\">Las cookies de terceros habilitan caracter\u00edsticas o funcionalidades de terceros que se proporcionen en el sitio web o trav\u00e9s de \u00e9l (por ejemplo, publicidad, contenidos interactivos y an\u00e1lisis).\u00a0<\/span><\/p><p><span style=\"font-family: Jost, sans-serif;\">Las partes que establecen estas cookies de terceros pueden reconocer su ordenador o dispositivo m\u00f3vil, tanto cuando visite el sitio web en cuesti\u00f3n como al visitar otros sitios web determinados. Utilizamos nuestras cookies y cookies de terceros por varias razones.<\/span><\/p><p><span style=\"font-family: Jost, sans-serif;\">Las cookies m\u00e1s importantes son las cookies obligatorias. Son esenciales y le ayudan a navegar por la web y a utilizar las funciones b\u00e1sicas, tales como los complementos multimedia. Luego est\u00e1n las cookies de funcionalidad que le permiten guardar su bolsa de la compra, crear una lista de deseos y guardar sus datos de compra para agilizar el proceso de pago. Las cookies de rendimiento y an\u00e1lisis que utilizamos para mejorar nuestro sitio web. Tambi\u00e9n nos gusta mostrarle ofertas relevantes. Para poder hacerlo, recopilamos datos de navegaci\u00f3n, que pueden estar vinculados a un identificador \u00fanico. Las cookies de interacci\u00f3n se utilizan para interactuar con las redes sociales o para enviar comentarios.\u00a0<\/span><span style=\"font-family: Jost, sans-serif; color: var( --e-global-color-text ); font-weight: var( --e-global-typography-text-font-weight );\">Las cookies de segmentaci\u00f3n, las cookies de publicidad y las cookies de redes sociales registran sus preferencias con el fin de mostrar anuncios relevantes fuera de los sitios de akrovalis.com. Adem\u00e1s, las cookies de redes sociales pueden utilizarse para el seguimiento de su actividad en plataformas de redes sociales.<\/span><\/p><h4 style=\"font-family: Jost, sans-serif; font-style: normal;\">\u00bfPOR QU\u00c9 UTILIZAMOS LAS COOKIES?<\/h4><div><span style=\"font-family: Jost, sans-serif;\">akrovalis.com utiliza cookies principalmente para asegurar que su visita a nuestra p\u00e1gina web sea lo m\u00e1s agradable posible, as\u00ed como para fines relacionados con la publicidad durante sus pr\u00f3ximas visitas a otros sitios web. A continuaci\u00f3n, puede ver informaci\u00f3n m\u00e1s detallada de los tipos de cookies que utilizamos y por qu\u00e9:<\/span><\/div><div><span style=\"font-family: Jost, sans-serif;\">\u00a0<\/span><\/div><div><span style=\"font-family: Jost, sans-serif;\">COOKIES OBLIGATORIAS\u00a0<\/span><span style=\"font-family: Jost, sans-serif;\"><br \/><\/span><br \/><span style=\"font-family: Jost, sans-serif;\">Son esenciales y le ayudar\u00e1n a navegar, moverse por el sitio web y ver ciertas caracter\u00edsticas (por ejemplo, estas cookies garantizan que su cesta se guarde durante todos los pasos de su proceso de pago). Estas cookies son obligatorias para permitir el funcionamiento b\u00e1sico del sitio. Estas cookies se guardan mientras dure su sesi\u00f3n de navegaci\u00f3n.<\/span><\/div><div><span style=\"font-family: Jost, sans-serif;\">\u00a0<\/span><\/div><div><p><span style=\"font-family: Jost, sans-serif;\">COOKIES DE FUNCIONALIDAD Y ANAL\u00cdTICAS<\/span><\/p><p><span style=\"font-family: Jost, sans-serif;\">Est\u00e1n presentes para que podamos proporcionarle una experiencia de cliente a\u00fan mejor (por ejemplo, estas cookies le ayudan a guardar su cesta de la compra y se la recuerdan, y tambi\u00e9n le permitir\u00e1n crear una lista de deseos). Estas cookies nos permiten analizar el uso del sitio para que podamos medir y mejorar el rendimiento. Estas cookies las podemos colocar nosotros o un tercero en nuestro nombre y se almacenan mientras dure su sesi\u00f3n de navegaci\u00f3n.<\/span><\/p><\/div><div><span style=\"font-family: Jost, sans-serif;\">COOKIES PUBLICITARIAS Y DE REDES SOCIALES<\/span><\/div><div><span style=\"font-family: Jost, sans-serif;\">\u00a0<\/span><\/div><div><span style=\"font-family: Jost, sans-serif;\">Recordar\u00e1n sus preferencias de productos y compras y nos ayudan de otras formas en las iniciativas de marketing. Estas cookies nos permiten compartir datos, como lo que le gusta, con nuestros anunciantes, de manera que la publicidad que vea puede ser m\u00e1s relevante para sus preferencias (a veces conocidas como \u201ccookies de segmentaci\u00f3n\u201d).<\/span><\/div><div><span style=\"font-family: Jost, sans-serif;\">\u00a0<\/span><\/div><div><span style=\"font-family: Jost, sans-serif;\">Nos ayudan a conocer los h\u00e1bitos de compra de los visitantes. Esto nos permite seguir mejorando nuestra p\u00e1gina web, para que las compras resulten m\u00e1s f\u00e1ciles y m\u00e1s agradables, y para mejorar los mensajes de marketing que dirigimos a nuestros clientes (a veces conocidas como \u201ccookies de rendimiento\u201d)<\/span><br \/><span style=\"font-family: Jost, sans-serif;\"><br \/><\/span><\/div><div><h4 style=\"font-family: Jost, sans-serif; font-style: normal;\">\u00bfQU\u00c9 OCURRE SI NO LE GUSTAN LAS COOKIES?<\/h4><\/div><div><span style=\"font-family: Jost, sans-serif;\">Puede cambiar la configuraci\u00f3n del navegador para eliminar o evitar el almacenamiento de ciertas cookies en su ordenador o dispositivo m\u00f3vil sin su consentimiento expreso. La secci\u00f3n de \u201cayuda\u201d de su navegador debe proporcionar informaci\u00f3n sobre c\u00f3mo administrar la configuraci\u00f3n de cookies. Descubra c\u00f3mo se hace en su navegador aqu\u00ed:<\/span><\/div><div><span style=\"font-family: Jost, sans-serif;\">\u00a0<\/span><\/div><div><span style=\"font-family: Jost, sans-serif;\">Mozilla Firefox: http:\/\/support.mozilla.com\/en-US\/kb\/Cookies<\/span><\/div><div><span style=\"font-family: Jost, sans-serif;\">Google Chrome: http:\/\/www.google.com\/support\/chrome\/bin\/answer.py?hl=en&amp;answer=95647<\/span><\/div><div><span style=\"font-family: Jost, sans-serif;\">Safari: http:\/\/support.apple.com\/kb\/PH5042<\/span><br \/><span style=\"font-family: Jost, sans-serif;\">Opera: http:\/\/www.opera.com\/browser\/tutorials\/security\/privacy\/<\/span><\/div><div><span style=\"font-family: Jost, sans-serif;\">\u00a0<\/span><\/div><h4 style=\"font-family: Jost, sans-serif; font-style: normal;\">\u00bfQU\u00c9 OCURRE SI NO LE GUSTAN LAS COOKIES?<\/h4><div><span style=\"font-family: Jost, sans-serif;\">Podemos actualizar esta Declaraci\u00f3n de cookies cada cierto tiempo con el fin de reflejar, por ejemplo, los cambios en las cookies que utilizamos o por otras razones operativas, legales o reglamentarias. Por lo tanto, le rogamos que visite esta Declaraci\u00f3n de cookies con regularidad para mantenerse informado sobre el uso de las cookies y tecnolog\u00edas relacionadas.<\/span><\/div>\t\t\t\t\t\t\t\t<\/div>\n\t\t\t\t<\/div>\n\t\t\t\t\t<\/div>\n\t\t<\/div>\n\t\t\t\t\t<\/div>\n\t\t<\/section>\n\t\t\t\t<\/div>","protected":false},"excerpt":{"rendered":"<p>Pol\u00edtica de cookies \u00bfQU\u00c9 SON LAS COOKIES? Las cookies son peque\u00f1os archivos de texto que se almacenan en su ordenador o dispositivo m\u00f3vil cuando visita un sitio web. En esta secci\u00f3n, utilizamos por comodidad \u201ccookies\u201d como t\u00e9rmino general para t\u00e9cnicas tales como cookies, cookies Flash y balizas web. No ocupan demasiado espacio y se eliminar\u00e1n &#8230; <a title=\"Cookies\" class=\"read-more\" href=\"https:\/\/legacy.akrovalis.com\/en\/cookies\/\" aria-label=\"Read more about Cookies\">Read more<\/a><\/p>","protected":false},"author":26,"featured_media":0,"parent":0,"menu_order":1,"comment_status":"closed","ping_status":"closed","template":"","meta":{"footnotes":""},"class_list":["post-1924","page","type-page","status-publish"],"_links":{"self":[{"href":"https:\/\/legacy.akrovalis.com\/en\/wp-json\/wp\/v2\/pages\/1924","targetHints":{"allow":["GET"]}}],"collection":[{"href":"https:\/\/legacy.akrovalis.com\/en\/wp-json\/wp\/v2\/pages"}],"about":[{"href":"https:\/\/legacy.akrovalis.com\/en\/wp-json\/wp\/v2\/types\/page"}],"author":[{"embeddable":true,"href":"https:\/\/legacy.akrovalis.com\/en\/wp-json\/wp\/v2\/users\/26"}],"replies":[{"embeddable":true,"href":"https:\/\/legacy.akrovalis.com\/en\/wp-json\/wp\/v2\/comments?post=1924"}],"version-history":[{"count":0,"href":"https:\/\/legacy.akrovalis.com\/en\/wp-json\/wp\/v2\/pages\/1924\/revisions"}],"wp:attachment":[{"href":"https:\/\/legacy.akrovalis.com\/en\/wp-json\/wp\/v2\/media?parent=1924"}],"curies":[{"name":"wp","href":"https:\/\/api.w.org\/{rel}","templated":true}]}}